{"id":3212,"date":"2012-11-23T06:55:25","date_gmt":"2012-11-23T04:55:25","guid":{"rendered":"https:\/\/www.ark-koivula.fi\/sairaala-arkkitehtuurin-ammattilainen"},"modified":"2025-08-18T09:51:30","modified_gmt":"2025-08-18T06:51:30","slug":"sairaala-arkkitehtuurin-ammattilainen","status":"publish","type":"page","link":"https:\/\/www.ark-koivula.fi\/sv","title":{"rendered":"Professionell sjukhusdesign"},"content":{"rendered":"<h1>Vi har \u00f6ver sjuttio \u00e5rs erfarenhet av sjukhusplanering<\/h1>\n<p>V\u00e5ra projekt ligger b\u00e5de i Finland och utomlands, allt fr\u00e5n nybygg till renoveringsarbeten. V\u00e5rt designteam \u00e4r en blandning av f\u00e4rskt internationellt perspektiv och stabil erfarenhet. F\u00f6r oss \u00e4r arbete i byggnadsinformationsmodeller en sj\u00e4lvklarhet.<\/p>\n","protected":false},"excerpt":{"rendered":"<p>Vi har \u00f6ver sjuttio \u00e5rs erfarenhet av sjukhusplanering V\u00e5ra projekt ligger b\u00e5de i Finland och utomlands, allt fr\u00e5n nybygg till [\u2026] <a href=\"https:\/\/www.ark-koivula.fi\/sv\">L\u00e4s mer \u00bb<\/a><\/p>\n","protected":false},"author":18,"featured_media":4364,"parent":0,"menu_order":0,"comment_status":"closed","ping_status":"closed","template":"","meta":{"_acf_changed":false,"footnotes":""},"class_list":["post-3212","page","type-page","status-publish","has-post-thumbnail","hentry"],"acf":[],"yoast_head":"<!-- This site is optimized with the Yoast SEO plugin v27.3 - https:\/\/yoast.com\/product\/yoast-seo-wordpress\/ -->\n<title>Arkkitehtiryhm&auml; Reino Koivula Oy<\/title>\n<meta name=\"description\" content=\"Meill\u00e4 on seitsem\u00e4nkymmenen vuoden kokemus sairaala-arkkitehtuurista!\" \/>\n<meta name=\"robots\" content=\"index, follow, max-snippet:-1, max-image-preview:large, max-video-preview:-1\" \/>\n<link rel=\"canonical\" href=\"https:\/\/www.ark-koivula.fi\/sv\" \/>\n<meta property=\"og:locale\" content=\"sv_SE\" \/>\n<meta property=\"og:type\" content=\"article\" \/>\n<meta property=\"og:title\" content=\"Arkkitehtiryhm&auml; Reino Koivula Oy\" \/>\n<meta property=\"og:description\" content=\"Meill\u00e4 on seitsem\u00e4nkymmenen vuoden kokemus sairaala-arkkitehtuurista!\" \/>\n<meta property=\"og:url\" content=\"https:\/\/www.ark-koivula.fi\/sv\" \/>\n<meta property=\"og:site_name\" content=\"Arkkitehtiryhm&auml; Reino Koivula Oy\" \/>\n<meta property=\"article:modified_time\" content=\"2025-08-18T06:51:30+00:00\" \/>\n<meta property=\"og:image\" content=\"https:\/\/www.ark-koivula.fi\/lataukset\/2022-02-08-herokuva.jpg\" \/>\n\t<meta property=\"og:image:width\" content=\"1920\" \/>\n\t<meta property=\"og:image:height\" content=\"1280\" \/>\n\t<meta property=\"og:image:type\" content=\"image\/jpeg\" \/>\n<script type=\"application\/ld+json\" class=\"yoast-schema-graph\">{\"@context\":\"https:\\\/\\\/schema.org\",\"@graph\":[{\"@type\":\"WebPage\",\"@id\":\"https:\\\/\\\/www.ark-koivula.fi\\\/sv\",\"url\":\"https:\\\/\\\/www.ark-koivula.fi\\\/sv\",\"name\":\"Arkkitehtiryhm&auml; Reino Koivula Oy\",\"isPartOf\":{\"@id\":\"https:\\\/\\\/www.ark-koivula.fi\\\/#website\"},\"primaryImageOfPage\":{\"@id\":\"https:\\\/\\\/www.ark-koivula.fi\\\/sv#primaryimage\"},\"image\":{\"@id\":\"https:\\\/\\\/www.ark-koivula.fi\\\/sv#primaryimage\"},\"thumbnailUrl\":\"https:\\\/\\\/www.ark-koivula.fi\\\/lataukset\\\/2022-02-08-herokuva.jpg\",\"datePublished\":\"2012-11-23T04:55:25+00:00\",\"dateModified\":\"2025-08-18T06:51:30+00:00\",\"description\":\"Meill\u00e4 on seitsem\u00e4nkymmenen vuoden kokemus sairaala-arkkitehtuurista!\",\"breadcrumb\":{\"@id\":\"https:\\\/\\\/www.ark-koivula.fi\\\/sv#breadcrumb\"},\"inLanguage\":\"sv-SE\",\"potentialAction\":[{\"@type\":\"ReadAction\",\"target\":[\"https:\\\/\\\/www.ark-koivula.fi\\\/sv\"]}]},{\"@type\":\"ImageObject\",\"inLanguage\":\"sv-SE\",\"@id\":\"https:\\\/\\\/www.ark-koivula.fi\\\/sv#primaryimage\",\"url\":\"https:\\\/\\\/www.ark-koivula.fi\\\/lataukset\\\/2022-02-08-herokuva.jpg\",\"contentUrl\":\"https:\\\/\\\/www.ark-koivula.fi\\\/lataukset\\\/2022-02-08-herokuva.jpg\",\"width\":1920,\"height\":1280},{\"@type\":\"BreadcrumbList\",\"@id\":\"https:\\\/\\\/www.ark-koivula.fi\\\/sv#breadcrumb\",\"itemListElement\":[{\"@type\":\"ListItem\",\"position\":1,\"name\":\"Etusivu\",\"item\":\"https:\\\/\\\/www.ark-koivula.fi\\\/sv\"},{\"@type\":\"ListItem\",\"position\":2,\"name\":\"Professionell sjukhusdesign\"}]},{\"@type\":\"WebSite\",\"@id\":\"https:\\\/\\\/www.ark-koivula.fi\\\/#website\",\"url\":\"https:\\\/\\\/www.ark-koivula.fi\\\/\",\"name\":\"Arkkitehtiryhm&auml; Reino Koivula Oy\",\"description\":\"Sairaala-arkkitehtuurin ammattilainen\",\"inLanguage\":\"sv-SE\"}]}<\/script>\n<!-- \/ Yoast SEO plugin. -->","yoast_head_json":{"title":"Arkkitehtiryhm&auml; Reino Koivula Oy","description":"Meill\u00e4 on seitsem\u00e4nkymmenen vuoden kokemus sairaala-arkkitehtuurista!","robots":{"index":"index","follow":"follow","max-snippet":"max-snippet:-1","max-image-preview":"max-image-preview:large","max-video-preview":"max-video-preview:-1"},"canonical":"https:\/\/www.ark-koivula.fi\/sv","og_locale":"sv_SE","og_type":"article","og_title":"Arkkitehtiryhm&auml; Reino Koivula Oy","og_description":"Meill\u00e4 on seitsem\u00e4nkymmenen vuoden kokemus sairaala-arkkitehtuurista!","og_url":"https:\/\/www.ark-koivula.fi\/sv","og_site_name":"Arkkitehtiryhm&auml; Reino Koivula Oy","article_modified_time":"2025-08-18T06:51:30+00:00","og_image":[{"width":1920,"height":1280,"url":"https:\/\/www.ark-koivula.fi\/lataukset\/2022-02-08-herokuva.jpg","type":"image\/jpeg"}],"schema":{"@context":"https:\/\/schema.org","@graph":[{"@type":"WebPage","@id":"https:\/\/www.ark-koivula.fi\/sv","url":"https:\/\/www.ark-koivula.fi\/sv","name":"Arkkitehtiryhm&auml; Reino Koivula Oy","isPartOf":{"@id":"https:\/\/www.ark-koivula.fi\/#website"},"primaryImageOfPage":{"@id":"https:\/\/www.ark-koivula.fi\/sv#primaryimage"},"image":{"@id":"https:\/\/www.ark-koivula.fi\/sv#primaryimage"},"thumbnailUrl":"https:\/\/www.ark-koivula.fi\/lataukset\/2022-02-08-herokuva.jpg","datePublished":"2012-11-23T04:55:25+00:00","dateModified":"2025-08-18T06:51:30+00:00","description":"Meill\u00e4 on seitsem\u00e4nkymmenen vuoden kokemus sairaala-arkkitehtuurista!","breadcrumb":{"@id":"https:\/\/www.ark-koivula.fi\/sv#breadcrumb"},"inLanguage":"sv-SE","potentialAction":[{"@type":"ReadAction","target":["https:\/\/www.ark-koivula.fi\/sv"]}]},{"@type":"ImageObject","inLanguage":"sv-SE","@id":"https:\/\/www.ark-koivula.fi\/sv#primaryimage","url":"https:\/\/www.ark-koivula.fi\/lataukset\/2022-02-08-herokuva.jpg","contentUrl":"https:\/\/www.ark-koivula.fi\/lataukset\/2022-02-08-herokuva.jpg","width":1920,"height":1280},{"@type":"BreadcrumbList","@id":"https:\/\/www.ark-koivula.fi\/sv#breadcrumb","itemListElement":[{"@type":"ListItem","position":1,"name":"Etusivu","item":"https:\/\/www.ark-koivula.fi\/sv"},{"@type":"ListItem","position":2,"name":"Professionell sjukhusdesign"}]},{"@type":"WebSite","@id":"https:\/\/www.ark-koivula.fi\/#website","url":"https:\/\/www.ark-koivula.fi\/","name":"Arkkitehtiryhm&auml; Reino Koivula Oy","description":"Sairaala-arkkitehtuurin ammattilainen","inLanguage":"sv-SE"}]}},"_links":{"self":[{"href":"https:\/\/www.ark-koivula.fi\/sv\/wp-json\/wp\/v2\/pages\/3212","targetHints":{"allow":["GET"]}}],"collection":[{"href":"https:\/\/www.ark-koivula.fi\/sv\/wp-json\/wp\/v2\/pages"}],"about":[{"href":"https:\/\/www.ark-koivula.fi\/sv\/wp-json\/wp\/v2\/types\/page"}],"author":[{"embeddable":true,"href":"https:\/\/www.ark-koivula.fi\/sv\/wp-json\/wp\/v2\/users\/18"}],"replies":[{"embeddable":true,"href":"https:\/\/www.ark-koivula.fi\/sv\/wp-json\/wp\/v2\/comments?post=3212"}],"version-history":[{"count":0,"href":"https:\/\/www.ark-koivula.fi\/sv\/wp-json\/wp\/v2\/pages\/3212\/revisions"}],"wp:featuredmedia":[{"embeddable":true,"href":"https:\/\/www.ark-koivula.fi\/sv\/wp-json\/wp\/v2\/media\/4364"}],"wp:attachment":[{"href":"https:\/\/www.ark-koivula.fi\/sv\/wp-json\/wp\/v2\/media?parent=3212"}],"curies":[{"name":"wp","href":"https:\/\/api.w.org\/{rel}","templated":true}]}}