{"id":3217,"date":"2017-05-31T12:26:05","date_gmt":"2017-05-31T09:26:05","guid":{"rendered":"https:\/\/www.ark-koivula.fi\/yhteystiedot"},"modified":"2024-12-30T13:05:23","modified_gmt":"2024-12-30T11:05:23","slug":"kontakt","status":"publish","type":"page","link":"https:\/\/www.ark-koivula.fi\/sv\/kontakt","title":{"rendered":"Kontakt"},"content":{"rendered":"<p>Markus Kuusela, VD, del\u00e4gare, arkitekt SAFA<br \/>\nPekka Koivula, styrelsens ordf\u00f6rande, del\u00e4gare, arkitekt SAFA<br \/>\nMikko Sinervo, konstn\u00e4rlig chef, del\u00e4gare, arkitekt<br \/>\nSasu H\u00e4likk\u00e4, del\u00e4gare, arkitekt SAFA<br \/>\nAnnette Jonsson, vice VD, del\u00e4gare, arkitekt<br \/>\nHeini Mensio, del\u00e4gare, byggnadsarkitekt<\/p>\n","protected":false},"excerpt":{"rendered":"<p>Markus Kuusela, VD, del\u00e4gare, arkitekt SAFA Pekka Koivula, styrelsens ordf\u00f6rande, del\u00e4gare, arkitekt SAFA Mikko Sinervo, konstn\u00e4rlig chef, del\u00e4gare, arkitekt Sasu [\u2026] <a href=\"https:\/\/www.ark-koivula.fi\/sv\/kontakt\">L\u00e4s mer \u00bb<\/a><\/p>\n","protected":false},"author":18,"featured_media":0,"parent":0,"menu_order":0,"comment_status":"closed","ping_status":"closed","template":"","meta":{"_acf_changed":false,"footnotes":""},"class_list":["post-3217","page","type-page","status-publish","hentry"],"acf":[],"yoast_head":"<!-- This site is optimized with the Yoast SEO plugin v27.3 - https:\/\/yoast.com\/product\/yoast-seo-wordpress\/ -->\n<title>Kontakt - Arkkitehtiryhm&auml; Reino Koivula Oy<\/title>\n<meta name=\"robots\" content=\"index, follow, max-snippet:-1, max-image-preview:large, max-video-preview:-1\" \/>\n<link rel=\"canonical\" href=\"https:\/\/www.ark-koivula.fi\/sv\/kontakt\" \/>\n<meta property=\"og:locale\" content=\"sv_SE\" \/>\n<meta property=\"og:type\" content=\"article\" \/>\n<meta property=\"og:title\" content=\"Kontakt - Arkkitehtiryhm&auml; Reino Koivula Oy\" \/>\n<meta property=\"og:description\" content=\"Markus Kuusela, VD, del\u00e4gare, arkitekt SAFA Pekka Koivula, styrelsens ordf\u00f6rande, del\u00e4gare, arkitekt SAFA Mikko Sinervo, konstn\u00e4rlig chef, del\u00e4gare, arkitekt Sasu [\u2026] L\u00e4s mer \u00bb\" \/>\n<meta property=\"og:url\" content=\"https:\/\/www.ark-koivula.fi\/sv\/kontakt\" \/>\n<meta property=\"og:site_name\" content=\"Arkkitehtiryhm&auml; Reino Koivula Oy\" \/>\n<meta property=\"article:modified_time\" content=\"2024-12-30T11:05:23+00:00\" \/>\n<script type=\"application\/ld+json\" class=\"yoast-schema-graph\">{\"@context\":\"https:\\\/\\\/schema.org\",\"@graph\":[{\"@type\":\"WebPage\",\"@id\":\"https:\\\/\\\/www.ark-koivula.fi\\\/sv\\\/kontakt\",\"url\":\"https:\\\/\\\/www.ark-koivula.fi\\\/sv\\\/kontakt\",\"name\":\"Kontakt - Arkkitehtiryhm&auml; Reino Koivula Oy\",\"isPartOf\":{\"@id\":\"https:\\\/\\\/www.ark-koivula.fi\\\/#website\"},\"datePublished\":\"2017-05-31T09:26:05+00:00\",\"dateModified\":\"2024-12-30T11:05:23+00:00\",\"breadcrumb\":{\"@id\":\"https:\\\/\\\/www.ark-koivula.fi\\\/sv\\\/kontakt#breadcrumb\"},\"inLanguage\":\"sv-SE\",\"potentialAction\":[{\"@type\":\"ReadAction\",\"target\":[\"https:\\\/\\\/www.ark-koivula.fi\\\/sv\\\/kontakt\"]}]},{\"@type\":\"BreadcrumbList\",\"@id\":\"https:\\\/\\\/www.ark-koivula.fi\\\/sv\\\/kontakt#breadcrumb\",\"itemListElement\":[{\"@type\":\"ListItem\",\"position\":1,\"name\":\"Etusivu\",\"item\":\"https:\\\/\\\/www.ark-koivula.fi\\\/sv\"},{\"@type\":\"ListItem\",\"position\":2,\"name\":\"Kontakt\"}]},{\"@type\":\"WebSite\",\"@id\":\"https:\\\/\\\/www.ark-koivula.fi\\\/#website\",\"url\":\"https:\\\/\\\/www.ark-koivula.fi\\\/\",\"name\":\"Arkkitehtiryhm&auml; Reino Koivula Oy\",\"description\":\"Sairaala-arkkitehtuurin ammattilainen\",\"inLanguage\":\"sv-SE\"}]}<\/script>\n<!-- \/ Yoast SEO plugin. -->","yoast_head_json":{"title":"Kontakt - Arkkitehtiryhm&auml; Reino Koivula Oy","robots":{"index":"index","follow":"follow","max-snippet":"max-snippet:-1","max-image-preview":"max-image-preview:large","max-video-preview":"max-video-preview:-1"},"canonical":"https:\/\/www.ark-koivula.fi\/sv\/kontakt","og_locale":"sv_SE","og_type":"article","og_title":"Kontakt - Arkkitehtiryhm&auml; Reino Koivula Oy","og_description":"Markus Kuusela, VD, del\u00e4gare, arkitekt SAFA Pekka Koivula, styrelsens ordf\u00f6rande, del\u00e4gare, arkitekt SAFA Mikko Sinervo, konstn\u00e4rlig chef, del\u00e4gare, arkitekt Sasu [\u2026] L\u00e4s mer \u00bb","og_url":"https:\/\/www.ark-koivula.fi\/sv\/kontakt","og_site_name":"Arkkitehtiryhm&auml; Reino Koivula Oy","article_modified_time":"2024-12-30T11:05:23+00:00","schema":{"@context":"https:\/\/schema.org","@graph":[{"@type":"WebPage","@id":"https:\/\/www.ark-koivula.fi\/sv\/kontakt","url":"https:\/\/www.ark-koivula.fi\/sv\/kontakt","name":"Kontakt - Arkkitehtiryhm&auml; Reino Koivula Oy","isPartOf":{"@id":"https:\/\/www.ark-koivula.fi\/#website"},"datePublished":"2017-05-31T09:26:05+00:00","dateModified":"2024-12-30T11:05:23+00:00","breadcrumb":{"@id":"https:\/\/www.ark-koivula.fi\/sv\/kontakt#breadcrumb"},"inLanguage":"sv-SE","potentialAction":[{"@type":"ReadAction","target":["https:\/\/www.ark-koivula.fi\/sv\/kontakt"]}]},{"@type":"BreadcrumbList","@id":"https:\/\/www.ark-koivula.fi\/sv\/kontakt#breadcrumb","itemListElement":[{"@type":"ListItem","position":1,"name":"Etusivu","item":"https:\/\/www.ark-koivula.fi\/sv"},{"@type":"ListItem","position":2,"name":"Kontakt"}]},{"@type":"WebSite","@id":"https:\/\/www.ark-koivula.fi\/#website","url":"https:\/\/www.ark-koivula.fi\/","name":"Arkkitehtiryhm&auml; Reino Koivula Oy","description":"Sairaala-arkkitehtuurin ammattilainen","inLanguage":"sv-SE"}]}},"_links":{"self":[{"href":"https:\/\/www.ark-koivula.fi\/sv\/wp-json\/wp\/v2\/pages\/3217","targetHints":{"allow":["GET"]}}],"collection":[{"href":"https:\/\/www.ark-koivula.fi\/sv\/wp-json\/wp\/v2\/pages"}],"about":[{"href":"https:\/\/www.ark-koivula.fi\/sv\/wp-json\/wp\/v2\/types\/page"}],"author":[{"embeddable":true,"href":"https:\/\/www.ark-koivula.fi\/sv\/wp-json\/wp\/v2\/users\/18"}],"replies":[{"embeddable":true,"href":"https:\/\/www.ark-koivula.fi\/sv\/wp-json\/wp\/v2\/comments?post=3217"}],"version-history":[{"count":0,"href":"https:\/\/www.ark-koivula.fi\/sv\/wp-json\/wp\/v2\/pages\/3217\/revisions"}],"wp:attachment":[{"href":"https:\/\/www.ark-koivula.fi\/sv\/wp-json\/wp\/v2\/media?parent=3217"}],"curies":[{"name":"wp","href":"https:\/\/api.w.org\/{rel}","templated":true}]}}