{"id":3218,"date":"2017-05-31T12:30:35","date_gmt":"2017-05-31T09:30:35","guid":{"rendered":"https:\/\/www.ark-koivula.fi\/yritys"},"modified":"2022-02-08T00:47:43","modified_gmt":"2022-02-07T22:47:43","slug":"om-oss","status":"publish","type":"page","link":"https:\/\/www.ark-koivula.fi\/sv\/om-oss","title":{"rendered":"Om oss"},"content":{"rendered":"<p><strong>Arkitektgrupp Reino Koivula Oy<\/strong> specialiserar sig p\u00e5 sjukhusteknik med sjuttiofem \u00e5rs erfarenhet. V\u00e5rt kontor har deltagit i hundratals nybyggs- och renoveringsprojekt b\u00e5de i Finland och utomlands.<\/p>\n<p>V\u00e5r design bygger p\u00e5 samarbete med anv\u00e4ndaren. Vi vill skapa ljusa och bekv\u00e4ma utrymmen f\u00f6r b\u00e5de personal och patienter. Vi tror att v\u00e4lutrustade anl\u00e4ggningar st\u00f6djer sjukv\u00e5rden och d\u00e4rigenom bidrar till friskare patienter.<\/p>\n<p>V\u00e5rt team \u00e4r en blandning av erfarenhet och pigg kreativitet. Som ett l\u00e5ngsiktigt sjukhusplaneringsf\u00f6retag bidrar vi till utvecklingen av branschen genom v\u00e5rt deltagande i internationella evenemang. Vi \u00e4r kundorienterade och str\u00e4var konstant till att vidare utvecklas, s\u00e5ledes anv\u00e4nder vi ocks\u00e5 den senaste byggnadsinformationstekniken i v\u00e5r design.<\/p>\n<p><a href=\"https:\/\/wwf.fi\/greenoffice\/mika-green-office\/\" target=\"_blank\" rel=\"noopener noreferrer\"><img loading=\"lazy\" decoding=\"async\" class=\"alignnone wp-image-4025\" src=\"https:\/\/www.ark-koivula.fi\/lataukset\/go-logo-vaaka.png\" alt=\"\" width=\"100\" height=\"50\" srcset=\"https:\/\/www.ark-koivula.fi\/lataukset\/go-logo-vaaka.png 500w, https:\/\/www.ark-koivula.fi\/lataukset\/go-logo-vaaka-350x175.png 350w\" sizes=\"auto, (max-width: 100px) 100vw, 100px\" \/><\/a><\/p>\n","protected":false},"excerpt":{"rendered":"<p>Arkitektgrupp Reino Koivula Oy specialiserar sig p\u00e5 sjukhusteknik med sjuttiofem \u00e5rs erfarenhet. V\u00e5rt kontor har deltagit i hundratals nybyggs- och [\u2026] <a href=\"https:\/\/www.ark-koivula.fi\/sv\/om-oss\">L\u00e4s mer \u00bb<\/a><\/p>\n","protected":false},"author":18,"featured_media":0,"parent":0,"menu_order":0,"comment_status":"closed","ping_status":"closed","template":"","meta":{"_acf_changed":false,"footnotes":""},"class_list":["post-3218","page","type-page","status-publish","hentry"],"acf":[],"yoast_head":"<!-- This site is optimized with the Yoast SEO plugin v27.3 - https:\/\/yoast.com\/product\/yoast-seo-wordpress\/ -->\n<title>Om oss - Arkkitehtiryhm&auml; Reino Koivula Oy<\/title>\n<meta name=\"robots\" content=\"index, follow, max-snippet:-1, max-image-preview:large, max-video-preview:-1\" \/>\n<link rel=\"canonical\" href=\"https:\/\/www.ark-koivula.fi\/sv\/om-oss\" \/>\n<meta property=\"og:locale\" content=\"sv_SE\" \/>\n<meta property=\"og:type\" content=\"article\" \/>\n<meta property=\"og:title\" content=\"Om oss - Arkkitehtiryhm&auml; Reino Koivula Oy\" \/>\n<meta property=\"og:description\" content=\"Arkitektgrupp Reino Koivula Oy specialiserar sig p\u00e5 sjukhusteknik med sjuttiofem \u00e5rs erfarenhet. V\u00e5rt kontor har deltagit i hundratals nybyggs- och [\u2026] L\u00e4s mer \u00bb\" \/>\n<meta property=\"og:url\" content=\"https:\/\/www.ark-koivula.fi\/sv\/om-oss\" \/>\n<meta property=\"og:site_name\" content=\"Arkkitehtiryhm&auml; Reino Koivula Oy\" \/>\n<meta property=\"article:modified_time\" content=\"2022-02-07T22:47:43+00:00\" \/>\n<meta property=\"og:image\" content=\"https:\/\/www.ark-koivula.fi\/lataukset\/go-logo-vaaka.png\" \/>\n<script type=\"application\/ld+json\" class=\"yoast-schema-graph\">{\"@context\":\"https:\\\/\\\/schema.org\",\"@graph\":[{\"@type\":\"WebPage\",\"@id\":\"https:\\\/\\\/www.ark-koivula.fi\\\/sv\\\/om-oss\",\"url\":\"https:\\\/\\\/www.ark-koivula.fi\\\/sv\\\/om-oss\",\"name\":\"Om oss - Arkkitehtiryhm&auml; Reino Koivula Oy\",\"isPartOf\":{\"@id\":\"https:\\\/\\\/www.ark-koivula.fi\\\/#website\"},\"primaryImageOfPage\":{\"@id\":\"https:\\\/\\\/www.ark-koivula.fi\\\/sv\\\/om-oss#primaryimage\"},\"image\":{\"@id\":\"https:\\\/\\\/www.ark-koivula.fi\\\/sv\\\/om-oss#primaryimage\"},\"thumbnailUrl\":\"https:\\\/\\\/www.ark-koivula.fi\\\/lataukset\\\/go-logo-vaaka.png\",\"datePublished\":\"2017-05-31T09:30:35+00:00\",\"dateModified\":\"2022-02-07T22:47:43+00:00\",\"breadcrumb\":{\"@id\":\"https:\\\/\\\/www.ark-koivula.fi\\\/sv\\\/om-oss#breadcrumb\"},\"inLanguage\":\"sv-SE\",\"potentialAction\":[{\"@type\":\"ReadAction\",\"target\":[\"https:\\\/\\\/www.ark-koivula.fi\\\/sv\\\/om-oss\"]}]},{\"@type\":\"ImageObject\",\"inLanguage\":\"sv-SE\",\"@id\":\"https:\\\/\\\/www.ark-koivula.fi\\\/sv\\\/om-oss#primaryimage\",\"url\":\"https:\\\/\\\/www.ark-koivula.fi\\\/lataukset\\\/go-logo-vaaka.png\",\"contentUrl\":\"https:\\\/\\\/www.ark-koivula.fi\\\/lataukset\\\/go-logo-vaaka.png\"},{\"@type\":\"BreadcrumbList\",\"@id\":\"https:\\\/\\\/www.ark-koivula.fi\\\/sv\\\/om-oss#breadcrumb\",\"itemListElement\":[{\"@type\":\"ListItem\",\"position\":1,\"name\":\"Etusivu\",\"item\":\"https:\\\/\\\/www.ark-koivula.fi\\\/sv\"},{\"@type\":\"ListItem\",\"position\":2,\"name\":\"Om oss\"}]},{\"@type\":\"WebSite\",\"@id\":\"https:\\\/\\\/www.ark-koivula.fi\\\/#website\",\"url\":\"https:\\\/\\\/www.ark-koivula.fi\\\/\",\"name\":\"Arkkitehtiryhm&auml; Reino Koivula Oy\",\"description\":\"Sairaala-arkkitehtuurin ammattilainen\",\"inLanguage\":\"sv-SE\"}]}<\/script>\n<!-- \/ Yoast SEO plugin. -->","yoast_head_json":{"title":"Om oss - Arkkitehtiryhm&auml; Reino Koivula Oy","robots":{"index":"index","follow":"follow","max-snippet":"max-snippet:-1","max-image-preview":"max-image-preview:large","max-video-preview":"max-video-preview:-1"},"canonical":"https:\/\/www.ark-koivula.fi\/sv\/om-oss","og_locale":"sv_SE","og_type":"article","og_title":"Om oss - Arkkitehtiryhm&auml; Reino Koivula Oy","og_description":"Arkitektgrupp Reino Koivula Oy specialiserar sig p\u00e5 sjukhusteknik med sjuttiofem \u00e5rs erfarenhet. V\u00e5rt kontor har deltagit i hundratals nybyggs- och [\u2026] L\u00e4s mer \u00bb","og_url":"https:\/\/www.ark-koivula.fi\/sv\/om-oss","og_site_name":"Arkkitehtiryhm&auml; Reino Koivula Oy","article_modified_time":"2022-02-07T22:47:43+00:00","og_image":[{"url":"https:\/\/www.ark-koivula.fi\/lataukset\/go-logo-vaaka.png","type":"","width":"","height":""}],"schema":{"@context":"https:\/\/schema.org","@graph":[{"@type":"WebPage","@id":"https:\/\/www.ark-koivula.fi\/sv\/om-oss","url":"https:\/\/www.ark-koivula.fi\/sv\/om-oss","name":"Om oss - Arkkitehtiryhm&auml; Reino Koivula Oy","isPartOf":{"@id":"https:\/\/www.ark-koivula.fi\/#website"},"primaryImageOfPage":{"@id":"https:\/\/www.ark-koivula.fi\/sv\/om-oss#primaryimage"},"image":{"@id":"https:\/\/www.ark-koivula.fi\/sv\/om-oss#primaryimage"},"thumbnailUrl":"https:\/\/www.ark-koivula.fi\/lataukset\/go-logo-vaaka.png","datePublished":"2017-05-31T09:30:35+00:00","dateModified":"2022-02-07T22:47:43+00:00","breadcrumb":{"@id":"https:\/\/www.ark-koivula.fi\/sv\/om-oss#breadcrumb"},"inLanguage":"sv-SE","potentialAction":[{"@type":"ReadAction","target":["https:\/\/www.ark-koivula.fi\/sv\/om-oss"]}]},{"@type":"ImageObject","inLanguage":"sv-SE","@id":"https:\/\/www.ark-koivula.fi\/sv\/om-oss#primaryimage","url":"https:\/\/www.ark-koivula.fi\/lataukset\/go-logo-vaaka.png","contentUrl":"https:\/\/www.ark-koivula.fi\/lataukset\/go-logo-vaaka.png"},{"@type":"BreadcrumbList","@id":"https:\/\/www.ark-koivula.fi\/sv\/om-oss#breadcrumb","itemListElement":[{"@type":"ListItem","position":1,"name":"Etusivu","item":"https:\/\/www.ark-koivula.fi\/sv"},{"@type":"ListItem","position":2,"name":"Om oss"}]},{"@type":"WebSite","@id":"https:\/\/www.ark-koivula.fi\/#website","url":"https:\/\/www.ark-koivula.fi\/","name":"Arkkitehtiryhm&auml; Reino Koivula Oy","description":"Sairaala-arkkitehtuurin ammattilainen","inLanguage":"sv-SE"}]}},"_links":{"self":[{"href":"https:\/\/www.ark-koivula.fi\/sv\/wp-json\/wp\/v2\/pages\/3218","targetHints":{"allow":["GET"]}}],"collection":[{"href":"https:\/\/www.ark-koivula.fi\/sv\/wp-json\/wp\/v2\/pages"}],"about":[{"href":"https:\/\/www.ark-koivula.fi\/sv\/wp-json\/wp\/v2\/types\/page"}],"author":[{"embeddable":true,"href":"https:\/\/www.ark-koivula.fi\/sv\/wp-json\/wp\/v2\/users\/18"}],"replies":[{"embeddable":true,"href":"https:\/\/www.ark-koivula.fi\/sv\/wp-json\/wp\/v2\/comments?post=3218"}],"version-history":[{"count":0,"href":"https:\/\/www.ark-koivula.fi\/sv\/wp-json\/wp\/v2\/pages\/3218\/revisions"}],"wp:attachment":[{"href":"https:\/\/www.ark-koivula.fi\/sv\/wp-json\/wp\/v2\/media?parent=3218"}],"curies":[{"name":"wp","href":"https:\/\/api.w.org\/{rel}","templated":true}]}}