{"id":4042,"date":"2021-01-13T16:47:55","date_gmt":"2021-01-13T14:47:55","guid":{"rendered":"https:\/\/www.ark-koivula.fi\/?page_id=4042"},"modified":"2025-08-18T09:52:21","modified_gmt":"2025-08-18T06:52:21","slug":"dataskyddspolicy","status":"publish","type":"page","link":"https:\/\/www.ark-koivula.fi\/sv\/dataskyddspolicy","title":{"rendered":"Beskrivning av dataskyddet"},"content":{"rendered":"<h2><strong>Personuppgiftsansvarig<\/strong><\/h2>\n<p>Arkkitehtiryhm\u00e4 Reino Koivula Oy 2515408-1<br \/>\nFredriksgatan 34 A 14-15, 00100 HELSINGFORS<\/p>\n<h2><strong>Ansvarig f\u00f6r dataskyddsfr\u00e5gor och\/eller kontaktperson<\/strong><\/h2>\n<p>Markus Kuusela, verkst\u00e4llande direkt\u00f6r, arkitekt SAFA<br \/>\nmarkus.kuusela@ark-koivula.fi<\/p>\n<h2><strong>Registrets namn<\/strong><\/h2>\n<p>F\u00f6retagets kund- och marknadsf\u00f6ringsregister<\/p>\n<h2><strong>Personuppgifter som insamlas<\/strong><\/h2>\n<p>Vi samlar in personuppgifter som \u00e4r n\u00f6dv\u00e4ndiga f\u00f6r att sk\u00f6ta kundrelationen, s\u00e5som kundens namn och kontaktuppgifter samt uppgifter om dem som anv\u00e4nder tj\u00e4nsterna. Vi samlar in personuppgifter av den registrerade sj\u00e4lv samt fr\u00e5n \u00f6vriga offentliga tillg\u00e4ngliga register som uppr\u00e4tth\u00e5lls av myndigheterna och fr\u00e5n andra externa k\u00e4llor, s\u00e5som handelsregistret eller andra motsvarande offentliga f\u00f6retagsregister. Dessutom samlar vi uppgifter av dem som fyllt i ett kontaktformul\u00e4r och anv\u00e4nder dem f\u00f6r de tidigare n\u00e4mnda \u00e4ndam\u00e5len med anknytning till uppr\u00e4tth\u00e5llandet av kundf\u00f6rh\u00e5llandet.<\/p>\n<h2><strong>Personregistrets \u00e4ndam\u00e5l och grund<\/strong><\/h2>\n<p>Personuppgifterna behandlas inom de gr\u00e4nser som till\u00e5ts i g\u00e4llande lagstiftning f\u00f6r att testa webbtj\u00e4nsten, sk\u00f6ta kundf\u00f6rh\u00e5llandet samt att informera om tj\u00e4nsterna och f\u00f6r r\u00e5dgivning. Vi kan eventuellt anv\u00e4nda en registrerads uppgifter f\u00f6r marknadsf\u00f6ringskommunikation. Behandlingen av personuppgifter f\u00f6r marknadsf\u00f6ringskommunikation baserar sig p\u00e5 samtycke som personen gett i kontaktformul\u00e4ret. Direktmarknadsf\u00f6ring avslutas p\u00e5 beg\u00e4ran av kunden. En person kan n\u00e4r som helst \u00e5terta sitt samtycke genom att meddela den ovan n\u00e4mnda kontaktpersonen om saken. F\u00f6retaget har ber\u00e4ttigat intresse att behandla personuppgifter i marknadsf\u00f6rings-, service- och kundanalyser och i testning av servicen.<\/p>\n<h2><strong>Personuppgiftsbitr\u00e4den<\/strong><\/h2>\n<p>Endast personer som ansvarar f\u00f6r handhavandet av kundf\u00f6rh\u00e5llandet och f\u00f6r marknadsf\u00f6ring har tillg\u00e5ng till personuppgifterna.<\/p>\n<h2><strong>Utl\u00e4mning av utgifterna<\/strong><\/h2>\n<p>Personuppgifter utl\u00e4mnas inte till tredje m\u00e4n och \u00f6vers\u00e4nds inte till stater utanf\u00f6r Europeiska unionen eller Europeiska ekonomiska samarbetsomr\u00e5det, s\u00e5vida det inte \u00e4r n\u00f6dv\u00e4ndigt med tanke p\u00e5 det tekniska f\u00f6rverkligandet av tj\u00e4nsten. I eventuella situationer avseende utl\u00e4mning eller \u00f6vers\u00e4ndning av uppgifter f\u00f6ljs den dataskyddsniv\u00e5 som kr\u00e4vs i dataskyddslagstiftningen och andra n\u00f6dv\u00e4ndiga s\u00e4kerhets\u00e5tg\u00e4rder.<\/p>\n<h2><strong>Cookies<\/strong><\/h2>\n<p>Vi anv\u00e4nder cookies och andra motsvarande tekniker p\u00e5 v\u00e5r webbplats. En cookie \u00e4r en liten textfil, som webbl\u00e4saren lagrar i anv\u00e4ndarens terminal. Cookies inneh\u00e5ller en anonym, individuell identifierare, med hj\u00e4lp av vilken vi kan identifiera och r\u00e4kna de olika terminaler som bes\u00f6ker v\u00e5r webbplats. Syftet med anv\u00e4ndningen av cookies och andra motsvarande tekniker \u00e4r att analysera och vidareutveckla v\u00e5ra tj\u00e4nster s\u00e5 att de ska betj\u00e4na anv\u00e4ndarna b\u00e4ttre samt allokera reklam. Anv\u00e4ndaren kan hindra anv\u00e4ndningen av cookies eller t\u00f6mma cookies med hj\u00e4lp av webbl\u00e4sarens inst\u00e4llningar.<\/p>\n<h2><strong>Skyddet av registret<\/strong><\/h2>\n<p>Vi skyddar personuppgifterna med adekvata tekniska och organisatoriska metoder. Uppgifterna samlas i databaser, som \u00e4r skyddade med brandv\u00e4ggar, l\u00f6senord och \u00f6vriga tekniska dataskyddsmedel.<\/p>\n<h2><strong>Personuppgifternas lagringstid och raderingen av dem<\/strong><\/h2>\n<p>Personuppgifterna lagras s\u00e5 l\u00e4nge som de beh\u00f6vs f\u00f6r det \u00e4ndam\u00e5l, f\u00f6r vilket de har insamlats och behandlats eller f\u00f6r att fullg\u00f6ra ett avtal eller s\u00e5 l\u00e4nge som lag och f\u00f6rordning f\u00f6ruts\u00e4tter. Efter detta destrueras personuppgifterna p\u00e5 vederb\u00f6rligt s\u00e4tt.<\/p>\n<h2><strong>Automatiskt beslutsfattande<\/strong><\/h2>\n<p>Uppgifterna anv\u00e4nds inte f\u00f6r automatiskt beslutsfattande eller profilering.<\/p>\n<h2><strong>Den registrerades r\u00e4ttigheter<\/strong><\/h2>\n<p>Den registrerade har f\u00f6ljande r\u00e4ttigheter:<\/p>\n<p>Den registrerade f\u00e5r p\u00e5 beg\u00e4ran tillg\u00e5ng till de personuppgifter som g\u00e4ller hen inom de gr\u00e4nser som aff\u00e4rshemlighet och interna bed\u00f6mningar till\u00e5ter. Beg\u00e4ran om kontroll ska s\u00e4ndas till den tidigare n\u00e4mnda kontaktpersonen skriftligen och undertecknad vartill personen ska identifiera sig p\u00e5 ett tillf\u00f6rlitligt s\u00e4tt.<\/p>\n<p>Den registrerade har r\u00e4tt att beg\u00e4ra r\u00e4ttelse av uppgifterna, om uppgifterna \u00e4r ofullst\u00e4ndiga eller felaktiga. Den registrerade kan beg\u00e4ra att uppgifterna raderas, d\u00e5 det inte finns i lagstiftningen om dataskydd avsedd och av den registrerades samtycke oberoende orsak till behandlingen av dem.<\/p>\n<p>Den registrerade har r\u00e4tt att begr\u00e4nsa behandlingen av personuppgifterna om uppgifternas riktighet eller lagenhetlighet f\u00f6ruts\u00e4tter detta eller om den registrerade i enlighet med r\u00e4tten att g\u00f6ra inv\u00e4ndningar beg\u00e4r att behandlingen av personuppgifterna ska begr\u00e4nsas enbart till lagring av uppgifterna.<\/p>\n<p>Den registrerade har r\u00e4tt att g\u00f6ra inv\u00e4ndningar mot att uppgifterna behandlas f\u00f6r direktmarknadsf\u00f6rings\u00e4ndam\u00e5l p\u00e5 grundval av ber\u00e4ttigat intresse.<\/p>\n<p>Den registrerade kan beg\u00e4ra att uppgifterna flyttas till en annan personuppgiftsansvarig, om det \u00e4r tryggt och tekniskt m\u00f6jligt.<\/p>\n<p>Den registrerade ska s\u00e4nda beg\u00e4randen som g\u00e4ller hens r\u00e4ttigheter skriftligen eller per e-post med f\u00f6ljande kontaktuppgifter:<\/p>\n<p>Arkkitehtiryhm\u00e4 Reino Koivula Oy<br \/>\nBeg\u00e4ran g\u00e4llande kontroll av personuppgifter\/annan beg\u00e4ran g\u00e4llande personuppgifter<\/p>\n<p>2515408-1<br \/>\nFredriksgatan 34 A 14-15<br \/>\n00100 HELSINGFORS<\/p>\n<p>F\u00f6retaget besvarar beg\u00e4randena inom en m\u00e5nad fr\u00e5n det att beg\u00e4ran framlagts, s\u00e5vida det inte f\u00f6religger s\u00e4rskilda sk\u00e4l att f\u00f6rl\u00e4nga svarstiden.<\/p>\n","protected":false},"excerpt":{"rendered":"<p>Personuppgiftsansvarig Arkkitehtiryhm\u00e4 Reino Koivula Oy 2515408-1 Fredriksgatan 34 A 14-15, 00100 HELSINGFORS Ansvarig f\u00f6r dataskyddsfr\u00e5gor och\/eller kontaktperson Markus Kuusela, verkst\u00e4llande [\u2026] <a href=\"https:\/\/www.ark-koivula.fi\/sv\/dataskyddspolicy\">L\u00e4s mer \u00bb<\/a><\/p>\n","protected":false},"author":9,"featured_media":0,"parent":0,"menu_order":0,"comment_status":"closed","ping_status":"closed","template":"","meta":{"_acf_changed":false,"footnotes":""},"class_list":["post-4042","page","type-page","status-publish","hentry"],"acf":[],"yoast_head":"<!-- This site is optimized with the Yoast SEO plugin v27.3 - https:\/\/yoast.com\/product\/yoast-seo-wordpress\/ -->\n<title>Beskrivning av dataskyddet - Arkkitehtiryhm&auml; Reino Koivula Oy<\/title>\n<meta name=\"robots\" content=\"index, follow, max-snippet:-1, max-image-preview:large, max-video-preview:-1\" \/>\n<link rel=\"canonical\" href=\"https:\/\/www.ark-koivula.fi\/sv\/dataskyddspolicy\" \/>\n<meta property=\"og:locale\" content=\"sv_SE\" \/>\n<meta property=\"og:type\" content=\"article\" \/>\n<meta property=\"og:title\" content=\"Beskrivning av dataskyddet - Arkkitehtiryhm&auml; Reino Koivula Oy\" \/>\n<meta property=\"og:description\" content=\"Personuppgiftsansvarig Arkkitehtiryhm\u00e4 Reino Koivula Oy 2515408-1 Fredriksgatan 34 A 14-15, 00100 HELSINGFORS Ansvarig f\u00f6r dataskyddsfr\u00e5gor och\/eller kontaktperson Markus Kuusela, verkst\u00e4llande [\u2026] L\u00e4s mer \u00bb\" \/>\n<meta property=\"og:url\" content=\"https:\/\/www.ark-koivula.fi\/sv\/dataskyddspolicy\" \/>\n<meta property=\"og:site_name\" content=\"Arkkitehtiryhm&auml; Reino Koivula Oy\" \/>\n<meta property=\"article:modified_time\" content=\"2025-08-18T06:52:21+00:00\" \/>\n<script type=\"application\/ld+json\" class=\"yoast-schema-graph\">{\"@context\":\"https:\\\/\\\/schema.org\",\"@graph\":[{\"@type\":\"WebPage\",\"@id\":\"https:\\\/\\\/www.ark-koivula.fi\\\/sv\\\/dataskyddspolicy\",\"url\":\"https:\\\/\\\/www.ark-koivula.fi\\\/sv\\\/dataskyddspolicy\",\"name\":\"Beskrivning av dataskyddet - Arkkitehtiryhm&auml; Reino Koivula Oy\",\"isPartOf\":{\"@id\":\"https:\\\/\\\/www.ark-koivula.fi\\\/#website\"},\"datePublished\":\"2021-01-13T14:47:55+00:00\",\"dateModified\":\"2025-08-18T06:52:21+00:00\",\"breadcrumb\":{\"@id\":\"https:\\\/\\\/www.ark-koivula.fi\\\/sv\\\/dataskyddspolicy#breadcrumb\"},\"inLanguage\":\"sv-SE\",\"potentialAction\":[{\"@type\":\"ReadAction\",\"target\":[\"https:\\\/\\\/www.ark-koivula.fi\\\/sv\\\/dataskyddspolicy\"]}]},{\"@type\":\"BreadcrumbList\",\"@id\":\"https:\\\/\\\/www.ark-koivula.fi\\\/sv\\\/dataskyddspolicy#breadcrumb\",\"itemListElement\":[{\"@type\":\"ListItem\",\"position\":1,\"name\":\"Etusivu\",\"item\":\"https:\\\/\\\/www.ark-koivula.fi\\\/sv\"},{\"@type\":\"ListItem\",\"position\":2,\"name\":\"Beskrivning av dataskyddet\"}]},{\"@type\":\"WebSite\",\"@id\":\"https:\\\/\\\/www.ark-koivula.fi\\\/#website\",\"url\":\"https:\\\/\\\/www.ark-koivula.fi\\\/\",\"name\":\"Arkkitehtiryhm&auml; Reino Koivula Oy\",\"description\":\"Sairaala-arkkitehtuurin ammattilainen\",\"inLanguage\":\"sv-SE\"}]}<\/script>\n<!-- \/ Yoast SEO plugin. -->","yoast_head_json":{"title":"Beskrivning av dataskyddet - Arkkitehtiryhm&auml; Reino Koivula Oy","robots":{"index":"index","follow":"follow","max-snippet":"max-snippet:-1","max-image-preview":"max-image-preview:large","max-video-preview":"max-video-preview:-1"},"canonical":"https:\/\/www.ark-koivula.fi\/sv\/dataskyddspolicy","og_locale":"sv_SE","og_type":"article","og_title":"Beskrivning av dataskyddet - Arkkitehtiryhm&auml; Reino Koivula Oy","og_description":"Personuppgiftsansvarig Arkkitehtiryhm\u00e4 Reino Koivula Oy 2515408-1 Fredriksgatan 34 A 14-15, 00100 HELSINGFORS Ansvarig f\u00f6r dataskyddsfr\u00e5gor och\/eller kontaktperson Markus Kuusela, verkst\u00e4llande [\u2026] L\u00e4s mer \u00bb","og_url":"https:\/\/www.ark-koivula.fi\/sv\/dataskyddspolicy","og_site_name":"Arkkitehtiryhm&auml; Reino Koivula Oy","article_modified_time":"2025-08-18T06:52:21+00:00","schema":{"@context":"https:\/\/schema.org","@graph":[{"@type":"WebPage","@id":"https:\/\/www.ark-koivula.fi\/sv\/dataskyddspolicy","url":"https:\/\/www.ark-koivula.fi\/sv\/dataskyddspolicy","name":"Beskrivning av dataskyddet - Arkkitehtiryhm&auml; Reino Koivula Oy","isPartOf":{"@id":"https:\/\/www.ark-koivula.fi\/#website"},"datePublished":"2021-01-13T14:47:55+00:00","dateModified":"2025-08-18T06:52:21+00:00","breadcrumb":{"@id":"https:\/\/www.ark-koivula.fi\/sv\/dataskyddspolicy#breadcrumb"},"inLanguage":"sv-SE","potentialAction":[{"@type":"ReadAction","target":["https:\/\/www.ark-koivula.fi\/sv\/dataskyddspolicy"]}]},{"@type":"BreadcrumbList","@id":"https:\/\/www.ark-koivula.fi\/sv\/dataskyddspolicy#breadcrumb","itemListElement":[{"@type":"ListItem","position":1,"name":"Etusivu","item":"https:\/\/www.ark-koivula.fi\/sv"},{"@type":"ListItem","position":2,"name":"Beskrivning av dataskyddet"}]},{"@type":"WebSite","@id":"https:\/\/www.ark-koivula.fi\/#website","url":"https:\/\/www.ark-koivula.fi\/","name":"Arkkitehtiryhm&auml; Reino Koivula Oy","description":"Sairaala-arkkitehtuurin ammattilainen","inLanguage":"sv-SE"}]}},"_links":{"self":[{"href":"https:\/\/www.ark-koivula.fi\/sv\/wp-json\/wp\/v2\/pages\/4042","targetHints":{"allow":["GET"]}}],"collection":[{"href":"https:\/\/www.ark-koivula.fi\/sv\/wp-json\/wp\/v2\/pages"}],"about":[{"href":"https:\/\/www.ark-koivula.fi\/sv\/wp-json\/wp\/v2\/types\/page"}],"author":[{"embeddable":true,"href":"https:\/\/www.ark-koivula.fi\/sv\/wp-json\/wp\/v2\/users\/9"}],"replies":[{"embeddable":true,"href":"https:\/\/www.ark-koivula.fi\/sv\/wp-json\/wp\/v2\/comments?post=4042"}],"version-history":[{"count":0,"href":"https:\/\/www.ark-koivula.fi\/sv\/wp-json\/wp\/v2\/pages\/4042\/revisions"}],"wp:attachment":[{"href":"https:\/\/www.ark-koivula.fi\/sv\/wp-json\/wp\/v2\/media?parent=4042"}],"curies":[{"name":"wp","href":"https:\/\/api.w.org\/{rel}","templated":true}]}}